{"id":47,"date":"2020-01-27T12:21:06","date_gmt":"2020-01-27T12:21:06","guid":{"rendered":"https:\/\/aquilifer.at\/?page_id=47"},"modified":"2020-02-24T15:06:25","modified_gmt":"2020-02-24T15:06:25","slug":"impressum","status":"publish","type":"page","link":"https:\/\/aquilifer.at\/index.php\/impressum\/","title":{"rendered":"Impressum"},"content":{"rendered":"<p><em><\/em><\/p>\n<p><em><\/em><\/p>\n<h3><strong>Medieninhaberin und Herausgeberin:<\/strong><\/h3>\n\n<p><strong>Aquilifer GmbH<\/strong><br \/>Rechtsform: Gesellschaft mit beschr\u00e4nkter Haftung<br \/>Sitz: Bennogasse 13\/5, 1080 Wien, \u00d6sterreich<br \/>Firmenbuchnummer: FN 450139 w, HG Wien<br \/>E-Mail:\u00a0<a href=\"mailto:office@aquilifer.at\">office@aquilifer.at<\/a><br \/>Umsatzsteuer-Identifikationsnummer (UID): AT U71098359<\/p>\n\n<p>Gegenstand des Unternehmens ist:<\/p>\n<ol>\n<li>Unternehmensberatung (einschlie\u00dflich der Unternehmensorganisation);<\/li>\n<li>die Schaffung und Entwicklung wirtschaftlicher Rahmenbedingungen f\u00fcr Projekte und Start-ups (im Sinne eines \u201eBusiness Inkubators\u201c);<\/li>\n<li>Lobbying im Bereich der B\u00fcrger- und Freiheitsrechte, insbesondere zu deren Schutz Bereich im digitaler Technologien;<\/li>\n<li>Schulungen und Erstellung von Konzepten, Materialien, Gutachten bis hin zu Gesetzesentw\u00fcrfen f\u00fcr staatliche und nicht-staatliche Institutionen im Bereich der B\u00fcrger- und Freiheitsrechte, insbesondere im Bereich digitaler Technologien;<\/li>\n<li>Beteiligung an Unternehmen aller Art, der Erwerb und die Verwertung von Gesellschaftsrechten aller Art an anderen Unternehmen und auch in diesem Zusammenhang stehenden Rechtsgesch\u00e4ften, mit Ausnahme von Bankgesch\u00e4ften;<\/li>\n<li>Dar\u00fcber hinaus ist die Gesellschaft zu allem Ma\u00dfnahmen und\/oder Gesch\u00e4ften berechtigt, die geeignet sind, mittelbar oder unmittelbar die Interessen der Gesellschaft zu f\u00f6rdern, oder die zur Erreichung des Gesch\u00e4ftszwecks notwendig oder n\u00fctzlich erscheinen.<\/li>\n<\/ol>\n\n<p>Anwendbare gewerbe- und berufsrechtliche Vorschriften: Gewerbeordnung, Zugang:\u00a0<a href=\"http:\/\/www.ris.bka.gv.at\/\">http:\/\/www.ris.bka.gv.at<\/a><\/p>\n\n<p>Grundlegende Richtung gem. \u00a7 25 Mediengesetz: Information der interessierten \u00d6ffentlichkeit und der Kunden \u00fcber den Unternehmensgegenstand und damit zusammenh\u00e4ngende Aktivit\u00e4ten.<\/p>\n\n<p>\u00a0<\/p>\n","protected":false},"excerpt":{"rendered":"<p>Medieninhaberin und Herausgeberin: Aquilifer GmbHRechtsform: Gesellschaft mit beschr\u00e4nkter HaftungSitz: Bennogasse 13\/5, 1080 Wien, \u00d6sterreichFirmenbuchnummer: FN 450139 w, HG WienE-Mail:\u00a0office@aquilifer.atUmsatzsteuer-Identifikationsnummer (UID): AT U71098359 Gegenstand des Unternehmens ist: Unternehmensberatung (einschlie\u00dflich der Unternehmensorganisation); die Schaffung und Entwicklung wirtschaftlicher Rahmenbedingungen f\u00fcr Projekte und Start-ups (im Sinne eines \u201eBusiness Inkubators\u201c); Lobbying im Bereich der B\u00fcrger- und Freiheitsrechte, insbesondere zu deren [&hellip;]<\/p>\n","protected":false},"author":1,"featured_media":0,"parent":0,"menu_order":0,"comment_status":"closed","ping_status":"closed","template":"","meta":{"inline_featured_image":false,"footnotes":""},"class_list":["post-47","page","type-page","status-publish","hentry","entry"],"yoast_head":"<!-- This site is optimized with the Yoast SEO plugin v25.3.1 - https:\/\/yoast.com\/wordpress\/plugins\/seo\/ -->\n<title>Impressum - Aquilifer GmbH<\/title>\n<meta name=\"robots\" content=\"index, follow, max-snippet:-1, max-image-preview:large, max-video-preview:-1\" \/>\n<link rel=\"canonical\" href=\"https:\/\/aquilifer.at\/index.php\/impressum\/\" \/>\n<meta property=\"og:locale\" content=\"de_DE\" \/>\n<meta property=\"og:type\" content=\"article\" \/>\n<meta property=\"og:title\" content=\"Impressum - Aquilifer GmbH\" \/>\n<meta property=\"og:description\" content=\"Medieninhaberin und Herausgeberin: Aquilifer GmbHRechtsform: Gesellschaft mit beschr\u00e4nkter HaftungSitz: Bennogasse 13\/5, 1080 Wien, \u00d6sterreichFirmenbuchnummer: FN 450139 w, HG WienE-Mail:\u00a0office@aquilifer.atUmsatzsteuer-Identifikationsnummer (UID): AT U71098359 Gegenstand des Unternehmens ist: Unternehmensberatung (einschlie\u00dflich der Unternehmensorganisation); die Schaffung und Entwicklung wirtschaftlicher Rahmenbedingungen f\u00fcr Projekte und Start-ups (im Sinne eines \u201eBusiness Inkubators\u201c); Lobbying im Bereich der B\u00fcrger- und Freiheitsrechte, insbesondere zu deren [&hellip;]\" \/>\n<meta property=\"og:url\" content=\"https:\/\/aquilifer.at\/index.php\/impressum\/\" \/>\n<meta property=\"og:site_name\" content=\"Aquilifer GmbH\" \/>\n<meta property=\"article:modified_time\" content=\"2020-02-24T15:06:25+00:00\" \/>\n<meta name=\"twitter:card\" content=\"summary_large_image\" \/>\n<meta name=\"twitter:label1\" content=\"Gesch\u00e4tzte Lesezeit\" \/>\n\t<meta name=\"twitter:data1\" content=\"1\u00a0Minute\" \/>\n<script type=\"application\/ld+json\" class=\"yoast-schema-graph\">{\"@context\":\"https:\/\/schema.org\",\"@graph\":[{\"@type\":\"WebPage\",\"@id\":\"https:\/\/aquilifer.at\/index.php\/impressum\/\",\"url\":\"https:\/\/aquilifer.at\/index.php\/impressum\/\",\"name\":\"Impressum - Aquilifer GmbH\",\"isPartOf\":{\"@id\":\"https:\/\/aquilifer.at\/#website\"},\"datePublished\":\"2020-01-27T12:21:06+00:00\",\"dateModified\":\"2020-02-24T15:06:25+00:00\",\"breadcrumb\":{\"@id\":\"https:\/\/aquilifer.at\/index.php\/impressum\/#breadcrumb\"},\"inLanguage\":\"de\",\"potentialAction\":[{\"@type\":\"ReadAction\",\"target\":[\"https:\/\/aquilifer.at\/index.php\/impressum\/\"]}]},{\"@type\":\"BreadcrumbList\",\"@id\":\"https:\/\/aquilifer.at\/index.php\/impressum\/#breadcrumb\",\"itemListElement\":[{\"@type\":\"ListItem\",\"position\":1,\"name\":\"Home\",\"item\":\"https:\/\/aquilifer.at\/\"},{\"@type\":\"ListItem\",\"position\":2,\"name\":\"Impressum\"}]},{\"@type\":\"WebSite\",\"@id\":\"https:\/\/aquilifer.at\/#website\",\"url\":\"https:\/\/aquilifer.at\/\",\"name\":\"Aquilifer GmbH\",\"description\":\"\",\"publisher\":{\"@id\":\"https:\/\/aquilifer.at\/#organization\"},\"potentialAction\":[{\"@type\":\"SearchAction\",\"target\":{\"@type\":\"EntryPoint\",\"urlTemplate\":\"https:\/\/aquilifer.at\/?s={search_term_string}\"},\"query-input\":{\"@type\":\"PropertyValueSpecification\",\"valueRequired\":true,\"valueName\":\"search_term_string\"}}],\"inLanguage\":\"de\"},{\"@type\":\"Organization\",\"@id\":\"https:\/\/aquilifer.at\/#organization\",\"name\":\"Aquilifer GmbH\",\"url\":\"https:\/\/aquilifer.at\/\",\"logo\":{\"@type\":\"ImageObject\",\"inLanguage\":\"de\",\"@id\":\"https:\/\/aquilifer.at\/#\/schema\/logo\/image\/\",\"url\":\"https:\/\/aquilifer.at\/wp-content\/uploads\/2020\/01\/AQL-Logo-4c-END.svg\",\"contentUrl\":\"https:\/\/aquilifer.at\/wp-content\/uploads\/2020\/01\/AQL-Logo-4c-END.svg\",\"width\":500,\"height\":135,\"caption\":\"Aquilifer GmbH\"},\"image\":{\"@id\":\"https:\/\/aquilifer.at\/#\/schema\/logo\/image\/\"}}]}<\/script>\n<!-- \/ Yoast SEO plugin. -->","yoast_head_json":{"title":"Impressum - Aquilifer GmbH","robots":{"index":"index","follow":"follow","max-snippet":"max-snippet:-1","max-image-preview":"max-image-preview:large","max-video-preview":"max-video-preview:-1"},"canonical":"https:\/\/aquilifer.at\/index.php\/impressum\/","og_locale":"de_DE","og_type":"article","og_title":"Impressum - Aquilifer GmbH","og_description":"Medieninhaberin und Herausgeberin: Aquilifer GmbHRechtsform: Gesellschaft mit beschr\u00e4nkter HaftungSitz: Bennogasse 13\/5, 1080 Wien, \u00d6sterreichFirmenbuchnummer: FN 450139 w, HG WienE-Mail:\u00a0office@aquilifer.atUmsatzsteuer-Identifikationsnummer (UID): AT U71098359 Gegenstand des Unternehmens ist: Unternehmensberatung (einschlie\u00dflich der Unternehmensorganisation); die Schaffung und Entwicklung wirtschaftlicher Rahmenbedingungen f\u00fcr Projekte und Start-ups (im Sinne eines \u201eBusiness Inkubators\u201c); Lobbying im Bereich der B\u00fcrger- und Freiheitsrechte, insbesondere zu deren [&hellip;]","og_url":"https:\/\/aquilifer.at\/index.php\/impressum\/","og_site_name":"Aquilifer GmbH","article_modified_time":"2020-02-24T15:06:25+00:00","twitter_card":"summary_large_image","twitter_misc":{"Gesch\u00e4tzte Lesezeit":"1\u00a0Minute"},"schema":{"@context":"https:\/\/schema.org","@graph":[{"@type":"WebPage","@id":"https:\/\/aquilifer.at\/index.php\/impressum\/","url":"https:\/\/aquilifer.at\/index.php\/impressum\/","name":"Impressum - Aquilifer GmbH","isPartOf":{"@id":"https:\/\/aquilifer.at\/#website"},"datePublished":"2020-01-27T12:21:06+00:00","dateModified":"2020-02-24T15:06:25+00:00","breadcrumb":{"@id":"https:\/\/aquilifer.at\/index.php\/impressum\/#breadcrumb"},"inLanguage":"de","potentialAction":[{"@type":"ReadAction","target":["https:\/\/aquilifer.at\/index.php\/impressum\/"]}]},{"@type":"BreadcrumbList","@id":"https:\/\/aquilifer.at\/index.php\/impressum\/#breadcrumb","itemListElement":[{"@type":"ListItem","position":1,"name":"Home","item":"https:\/\/aquilifer.at\/"},{"@type":"ListItem","position":2,"name":"Impressum"}]},{"@type":"WebSite","@id":"https:\/\/aquilifer.at\/#website","url":"https:\/\/aquilifer.at\/","name":"Aquilifer GmbH","description":"","publisher":{"@id":"https:\/\/aquilifer.at\/#organization"},"potentialAction":[{"@type":"SearchAction","target":{"@type":"EntryPoint","urlTemplate":"https:\/\/aquilifer.at\/?s={search_term_string}"},"query-input":{"@type":"PropertyValueSpecification","valueRequired":true,"valueName":"search_term_string"}}],"inLanguage":"de"},{"@type":"Organization","@id":"https:\/\/aquilifer.at\/#organization","name":"Aquilifer GmbH","url":"https:\/\/aquilifer.at\/","logo":{"@type":"ImageObject","inLanguage":"de","@id":"https:\/\/aquilifer.at\/#\/schema\/logo\/image\/","url":"https:\/\/aquilifer.at\/wp-content\/uploads\/2020\/01\/AQL-Logo-4c-END.svg","contentUrl":"https:\/\/aquilifer.at\/wp-content\/uploads\/2020\/01\/AQL-Logo-4c-END.svg","width":500,"height":135,"caption":"Aquilifer GmbH"},"image":{"@id":"https:\/\/aquilifer.at\/#\/schema\/logo\/image\/"}}]}},"_links":{"self":[{"href":"https:\/\/aquilifer.at\/index.php\/wp-json\/wp\/v2\/pages\/47","targetHints":{"allow":["GET"]}}],"collection":[{"href":"https:\/\/aquilifer.at\/index.php\/wp-json\/wp\/v2\/pages"}],"about":[{"href":"https:\/\/aquilifer.at\/index.php\/wp-json\/wp\/v2\/types\/page"}],"author":[{"embeddable":true,"href":"https:\/\/aquilifer.at\/index.php\/wp-json\/wp\/v2\/users\/1"}],"replies":[{"embeddable":true,"href":"https:\/\/aquilifer.at\/index.php\/wp-json\/wp\/v2\/comments?post=47"}],"version-history":[{"count":13,"href":"https:\/\/aquilifer.at\/index.php\/wp-json\/wp\/v2\/pages\/47\/revisions"}],"predecessor-version":[{"id":204,"href":"https:\/\/aquilifer.at\/index.php\/wp-json\/wp\/v2\/pages\/47\/revisions\/204"}],"wp:attachment":[{"href":"https:\/\/aquilifer.at\/index.php\/wp-json\/wp\/v2\/media?parent=47"}],"curies":[{"name":"wp","href":"https:\/\/api.w.org\/{rel}","templated":true}]}}